{"id":105,"date":"2014-03-15T20:59:04","date_gmt":"2014-03-15T20:59:04","guid":{"rendered":"http:\/\/localhost\/fc2kw_wp\/?page_id=105"},"modified":"2024-09-23T20:03:25","modified_gmt":"2024-09-23T19:03:25","slug":"der-vorstand","status":"publish","type":"page","link":"https:\/\/fc2kw.de\/wp\/?page_id=105","title":{"rendered":"Der Vorstand"},"content":{"rendered":"<table border=\"0\" width=\"392\">\n<tbody>\n<tr>\n<td>1. Vorsitzender<\/td>\n<td>Hans-Falk Rasser<\/td>\n<\/tr>\n<tr>\n<td>2. Vorsitzender<\/td>\n<td>Teresa Fahrenbach<\/td>\n<\/tr>\n<tr>\n<td>Schriftf\u00fchrer<\/td>\n<td>Thorsten Richter<\/td>\n<\/tr>\n<tr>\n<td>Schatzmeisterin<\/td>\n<td>Karin Ewert<\/td>\n<\/tr>\n<tr>\n<td>1. Beisitzer und Zeugwart<\/td>\n<td>Christian R\u00e4tz<\/td>\n<\/tr>\n<tr>\n<td>2. Beisitzer<\/td>\n<td>Knut Keuper<\/td>\n<\/tr>\n<tr>\n<td>3. Beisitzer<\/td>\n<td>Guido Ewald<\/td>\n<\/tr>\n<tr>\n<td>4. Beisitzerin<\/td>\n<td>Nicoletta P\u00fctz<\/td>\n<\/tr>\n<\/tbody>\n<\/table>\n","protected":false},"excerpt":{"rendered":"<p>1. Vorsitzender Hans-Falk Rasser 2. Vorsitzender Teresa Fahrenbach Schriftf\u00fchrer Thorsten Richter Schatzmeisterin Karin Ewert 1. Beisitzer und Zeugwart Christian R\u00e4tz 2. Beisitzer Knut Keuper 3. Beisitzer Guido Ewald 4. Beisitzerin Nicoletta P\u00fctz<\/p>\n","protected":false},"author":1,"featured_media":0,"parent":85,"menu_order":0,"comment_status":"closed","ping_status":"closed","template":"","meta":{"footnotes":""},"class_list":["post-105","page","type-page","status-publish","hentry"],"_links":{"self":[{"href":"https:\/\/fc2kw.de\/wp\/index.php?rest_route=\/wp\/v2\/pages\/105","targetHints":{"allow":["GET"]}}],"collection":[{"href":"https:\/\/fc2kw.de\/wp\/index.php?rest_route=\/wp\/v2\/pages"}],"about":[{"href":"https:\/\/fc2kw.de\/wp\/index.php?rest_route=\/wp\/v2\/types\/page"}],"author":[{"embeddable":true,"href":"https:\/\/fc2kw.de\/wp\/index.php?rest_route=\/wp\/v2\/users\/1"}],"replies":[{"embeddable":true,"href":"https:\/\/fc2kw.de\/wp\/index.php?rest_route=%2Fwp%2Fv2%2Fcomments&post=105"}],"version-history":[{"count":10,"href":"https:\/\/fc2kw.de\/wp\/index.php?rest_route=\/wp\/v2\/pages\/105\/revisions"}],"predecessor-version":[{"id":918,"href":"https:\/\/fc2kw.de\/wp\/index.php?rest_route=\/wp\/v2\/pages\/105\/revisions\/918"}],"up":[{"embeddable":true,"href":"https:\/\/fc2kw.de\/wp\/index.php?rest_route=\/wp\/v2\/pages\/85"}],"wp:attachment":[{"href":"https:\/\/fc2kw.de\/wp\/index.php?rest_route=%2Fwp%2Fv2%2Fmedia&parent=105"}],"curies":[{"name":"wp","href":"https:\/\/api.w.org\/{rel}","templated":true}]}}