{"id":117,"date":"2014-03-15T21:07:27","date_gmt":"2014-03-15T21:07:27","guid":{"rendered":"http:\/\/localhost\/fc2kw_wp\/?page_id=117"},"modified":"2014-10-10T20:24:55","modified_gmt":"2014-10-10T19:24:55","slug":"geschichte","status":"publish","type":"page","link":"https:\/\/fc2kw.de\/wp\/?page_id=117","title":{"rendered":"Geschichte"},"content":{"rendered":"<p>Urspr\u00fcnglich wurde die Idee am 01.05.95 auf einer Autobahnrastst\u00e4tte in der N\u00e4he von W\u00fcrzburg geboren. Bei einer Rast auf der Heimfahrt von einer tollen Tour auf dem Regen kam unserem Hansi die doch zugegebenerma\u00dfen etwas verr\u00fcckte Idee, einen Verein zu gr\u00fcnden. Ziel der Schnapsidee war es eigentlich, recht g\u00fcnstig (wenn nicht sogar umsonst?), an eine Trainingsm\u00f6glichkeit zu kommen. In zweiter Linie dachten wir auch nat\u00fcrlich daran, g\u00fcnstigere Preise bei einem eventuellen Kauf eines Bootes oder diverser Ausr\u00fcstungsgegenst\u00e4nde zu bekommen. In erster Linie aber dachten wir nur an Trainingsm\u00f6glichkeiten f\u00fcr unsere noch recht jungen und unerfahrenen Kanuten. Wenn wir erst einmal eine geeignete Trainingsm\u00f6glichkeit finden w\u00fcrden &#8211; was k\u00f6nnten dann aus uns noch f\u00fcr erfahrene Wildwasserexperten werden, oder ?!?<\/p>\n<p>So schickte sich Hansi dann auch an, den Schwager seiner damaligen Lebensabschnittsgef\u00e4hrtin (heutigen Ehefrau) Betty in ein tiefes Gespr\u00e4ch \u00fcber Vereinsgr\u00fcndung, &#8211; eintragung, &#8211; f\u00fchrung und insbesondere \u00fcber Zusch\u00fcsse seitens des Kreises oder Landes zu verwickeln. Im Laufe dieses Gespr\u00e4ches wurde Hansi jedoch klar, da\u00df die Zukunft unserer kleinen Interessengemeinschaft Canoe nur in Form eines Vereines liegen kann.<\/p>\n<p>Damals bestand die IGC (Interessengemeinschaft Canoe) aus 6 Personen, welche sich bei n\u00e4chster Gelegenheit zu einer Gr\u00fcndungsversammlung zusammenfinden wollten. Diese 6 Personen waren: Anke, Bettina, Betty, Hansi, J\u00f6rg und Kai. Aber nach einigen Recherchen fanden wir heraus, da\u00df man zur Gr\u00fcndung eines Vereines mindestens 8 Personen ben\u00f6tigt. Sehr schnell fanden sich noch Claudia und Knut ein, die an diesem Wagnis teilhaben wollten.<\/p>\n<p>Gesagt, getan -&gt; In der Gr\u00fcndungsversammlung vom 22.05.1996 wurde der Freizeit Canoe Club Killerwalze (FC<sub>2<\/sub>KW) gegr\u00fcndet.<\/p>\n<p>Es folgte der Eintragungsantrag an das Amtsgericht in Mainz, welcher am 16.10.1996 beglaubigt und am 29.01.1997 mit der Nummer 14 VR 3172 in das Vereinsregister eingetragen wurde. Die Gemeinn\u00fctzigkeitsbescheinigung erfolgte sogleich, so da\u00df unser Verein dann ein ordentlich eingetragener Verein mit dem Zusatz e.V. war. Im Laufe des Jahres erfolgte die Aufnahme in den DKV (<a href=\"http:\/\/www.kanu.de\" target=\"_blank\">Deutscher Kanu Verband<\/a>) \u00fcber den KVR (<a href=\"http:\/\/www.kanu-rheinland-pfalz.de\/\">Kanu Verband Rheinhessen<\/a>) und mit etwas Versp\u00e4tung die Aufnahme in den LSB (<a href=\"http:\/\/www.lsb-rlp.de\">Landessportbund<\/a>).<\/p>\n<p>Sprich: es hat sich einiges getan seit dem 22.05.1996 !!!<\/p>\n","protected":false},"excerpt":{"rendered":"<p>Urspr\u00fcnglich wurde die Idee am 01.05.95 auf einer Autobahnrastst\u00e4tte in der N\u00e4he von W\u00fcrzburg geboren. Bei einer Rast auf der Heimfahrt von einer tollen Tour auf dem Regen kam unserem Hansi die doch zugegebenerma\u00dfen etwas verr\u00fcckte Idee, einen Verein zu gr\u00fcnden. Ziel der Schnapsidee war es eigentlich, recht g\u00fcnstig (wenn nicht sogar umsonst?), an eine &hellip; <a href=\"https:\/\/fc2kw.de\/wp\/?page_id=117\" class=\"more-link\"><span class=\"screen-reader-text\">Geschichte<\/span> weiterlesen <span class=\"meta-nav\">&rarr;<\/span><\/a><\/p>\n","protected":false},"author":1,"featured_media":0,"parent":85,"menu_order":2,"comment_status":"closed","ping_status":"open","template":"","meta":{"footnotes":""},"class_list":["post-117","page","type-page","status-publish","hentry"],"_links":{"self":[{"href":"https:\/\/fc2kw.de\/wp\/index.php?rest_route=\/wp\/v2\/pages\/117","targetHints":{"allow":["GET"]}}],"collection":[{"href":"https:\/\/fc2kw.de\/wp\/index.php?rest_route=\/wp\/v2\/pages"}],"about":[{"href":"https:\/\/fc2kw.de\/wp\/index.php?rest_route=\/wp\/v2\/types\/page"}],"author":[{"embeddable":true,"href":"https:\/\/fc2kw.de\/wp\/index.php?rest_route=\/wp\/v2\/users\/1"}],"replies":[{"embeddable":true,"href":"https:\/\/fc2kw.de\/wp\/index.php?rest_route=%2Fwp%2Fv2%2Fcomments&post=117"}],"version-history":[{"count":4,"href":"https:\/\/fc2kw.de\/wp\/index.php?rest_route=\/wp\/v2\/pages\/117\/revisions"}],"predecessor-version":[{"id":306,"href":"https:\/\/fc2kw.de\/wp\/index.php?rest_route=\/wp\/v2\/pages\/117\/revisions\/306"}],"up":[{"embeddable":true,"href":"https:\/\/fc2kw.de\/wp\/index.php?rest_route=\/wp\/v2\/pages\/85"}],"wp:attachment":[{"href":"https:\/\/fc2kw.de\/wp\/index.php?rest_route=%2Fwp%2Fv2%2Fmedia&parent=117"}],"curies":[{"name":"wp","href":"https:\/\/api.w.org\/{rel}","templated":true}]}}