{"id":121,"date":"2014-03-15T21:09:28","date_gmt":"2014-03-15T21:09:28","guid":{"rendered":"http:\/\/localhost\/fc2kw_wp\/?page_id=121"},"modified":"2022-03-01T15:02:51","modified_gmt":"2022-03-01T14:02:51","slug":"mitglied-werden","status":"publish","type":"page","link":"https:\/\/fc2kw.de\/wp\/?page_id=121","title":{"rendered":"Aufnahmeantrag"},"content":{"rendered":"<h1>Klasse &#8211; du willst also Mitglied in unserem Verein werden!<\/h1>\n<p>Hier gibt es den<br \/>\n<a title=\"Aufnahmeantrag\" href=\"https:\/\/1drv.ms\/b\/s!AuBlWqq33cWVlW6j_nnhuFbSWq2_\" target=\"_blank\" rel=\"noopener noreferrer\">Aufnahmeantrag\u00a0<\/a><\/p>\n<p>Einfach\u00a0 downloaden, ausf\u00fcllen und absenden an:<\/p>\n<div>FC2KW e.V.<br \/>\nFalk Rasser<br \/>\nHuxelrebenweg 6<br \/>\n67454 Ha\u00dfloch<\/div>\n<p>falls ben\u00f6tigt, gibt es hier den kostenlosen Acrobat Reader:<br \/>\n<a href=\"http:\/\/www.adobe.com\/products\/acrobat\/readstep2.html\" target=\"_blank\" rel=\"noopener noreferrer\"><img decoding=\"async\" src=\"http:\/\/www.adobe.com\/images\/shared\/download_buttons\/get_adobe_reader.gif\" alt=\"\" border=\"0\" \/><\/a><\/p>\n","protected":false},"excerpt":{"rendered":"<p>Klasse &#8211; du willst also Mitglied in unserem Verein werden! Hier gibt es den Aufnahmeantrag\u00a0 Einfach\u00a0 downloaden, ausf\u00fcllen und absenden an: FC2KW e.V. Falk Rasser Huxelrebenweg 6 67454 Ha\u00dfloch falls ben\u00f6tigt, gibt es hier den kostenlosen Acrobat Reader:<\/p>\n","protected":false},"author":1,"featured_media":0,"parent":85,"menu_order":6,"comment_status":"closed","ping_status":"open","template":"","meta":{"footnotes":""},"class_list":["post-121","page","type-page","status-publish","hentry"],"_links":{"self":[{"href":"https:\/\/fc2kw.de\/wp\/index.php?rest_route=\/wp\/v2\/pages\/121","targetHints":{"allow":["GET"]}}],"collection":[{"href":"https:\/\/fc2kw.de\/wp\/index.php?rest_route=\/wp\/v2\/pages"}],"about":[{"href":"https:\/\/fc2kw.de\/wp\/index.php?rest_route=\/wp\/v2\/types\/page"}],"author":[{"embeddable":true,"href":"https:\/\/fc2kw.de\/wp\/index.php?rest_route=\/wp\/v2\/users\/1"}],"replies":[{"embeddable":true,"href":"https:\/\/fc2kw.de\/wp\/index.php?rest_route=%2Fwp%2Fv2%2Fcomments&post=121"}],"version-history":[{"count":14,"href":"https:\/\/fc2kw.de\/wp\/index.php?rest_route=\/wp\/v2\/pages\/121\/revisions"}],"predecessor-version":[{"id":621,"href":"https:\/\/fc2kw.de\/wp\/index.php?rest_route=\/wp\/v2\/pages\/121\/revisions\/621"}],"up":[{"embeddable":true,"href":"https:\/\/fc2kw.de\/wp\/index.php?rest_route=\/wp\/v2\/pages\/85"}],"wp:attachment":[{"href":"https:\/\/fc2kw.de\/wp\/index.php?rest_route=%2Fwp%2Fv2%2Fmedia&parent=121"}],"curies":[{"name":"wp","href":"https:\/\/api.w.org\/{rel}","templated":true}]}}