{"id":124,"date":"2014-03-15T21:11:26","date_gmt":"2014-03-15T21:11:26","guid":{"rendered":"http:\/\/localhost\/fc2kw_wp\/?page_id=124"},"modified":"2019-12-13T08:52:01","modified_gmt":"2019-12-13T07:52:01","slug":"mitglied-werden-2","status":"publish","type":"page","link":"https:\/\/fc2kw.de\/wp\/?page_id=124","title":{"rendered":"Mitglied werden?"},"content":{"rendered":"<p><a href=\"https:\/\/fc2kw.de\/wp\/?page_id=121\">Zum Aufnahmeantrag<\/a><\/p>\n<h3>Ich hab aber kein Geld!<\/h3>\n<p>Der Jahresbeitrag von zur Zeit 60 EUR\/Jahr ist wirklich nicht die Welt (es gibt aber auch einen Studententarif sowie einen Familientarif) ! F\u00fcr diesen Betrag seit Ihr Mitglied im DKV (Deutscher Kanu Verband) und LSB (Landes Sport Bund). Somit habt Ihr die M\u00f6glichkeit g\u00fcnstiger an Kanu-Literatur und T-Shirts etc. zu gelangen, k\u00f6nnt g\u00fcnstiger auf den DKV-Campingpl\u00e4tzen \u00fcbernachten &#8230; Au\u00dferdem kommt Ihr in den Genu\u00df einer Unfallversicherung bei den Vereinsaktivit\u00e4ten, k\u00f6nnt einen Zuschu\u00df f\u00fcr die Erstanschaffung einer Sportbrille beantragen etc. etc.<\/p>\n<h3>Ich hab aber kein Boot!<\/h3>\n<p>Der FC2KW ist mittlerweile stolzer Besitzer von einem Bootsh\u00e4nger, 6 wildwassertauglichen Canadiern (Dagger \/ Old-Town) und einigen anderen Booten. Diese werden nat\u00fcrlich kosteng\u00fcnstig an unsere Mitglieder ausgeliehen. Selbstverst\u00e4ndlich komplett mit Paddel, Helmen, Schwimmwesten, wasserdichten Tonnen und Spanngurten etc. (siehe Verleihbedingungen). Ausserdem besitzt der Verein nat\u00fcrlich ein grosses Manschaftszelt, Biergarnituren, Schwenkgrill, Kocher und die entsprechenden T\u00f6pfe, Pfannen, Messer &#8230; Also &#8211; wir sind f\u00fcr alle Fahrten bestens ausger\u00fcstet.<\/p>\n<h3>Ich kann aber nicht Paddeln!<\/h3>\n<p>Bei unseren Paddeltouren wird der &#8222;neue&#8220; und der &#8222;alte&#8220; Paddler nicht im Stich gelassen. Begleitet von unseren Scouts erkunden wir gemeinsam schon bekannte oder neue Fl\u00fcsse. Ihr werdet mit den Eigenheiten und Gefahren der Fl\u00fcsse vertraut, bekommt wundersch\u00f6ne Eindr\u00fccke von der Natur und ein Feeling f\u00fcr aktiven Umwelt- und Naturschutz. Hierbei habt Ihr die M\u00f6glichkeit das Canadierfahren von den &#8222;alten Hasen&#8220; gezeigt und erkl\u00e4rt zu bekommen. (Paddeltechniken, Beladung der Boote, Sicherheit, etc.). Und nicht nur theoretisch, sondern auch direkt am Geschehen -&gt; am und im Wasser!<\/p>\n<h3>Ich kenn doch keinen von denen!<\/h3>\n<p>Wir veranstalten diverse Feste, bei\u00dfen keinen beim Mitpaddeln und man kann gerne nach Absprache zu den Vorstandsitzungen kommen.<\/p>\n<h3>Und sonst nix?<\/h3>\n<p>Wir k\u00f6nnen Euch beraten beim Kauf eines Bootes oder von Zubeh\u00f6r, welches wir auch teilweise ca. 20% g\u00fcnstiger besorgen k\u00f6nnen. Wir k\u00f6nnen Euch Tipps zu Fl\u00fcssen, Campingpl\u00e4tzen oder Canadierurlaub geben. Und nat\u00fcrlich vieles mehr.<\/p>\n","protected":false},"excerpt":{"rendered":"<p>Zum Aufnahmeantrag Ich hab aber kein Geld! Der Jahresbeitrag von zur Zeit 60 EUR\/Jahr ist wirklich nicht die Welt (es gibt aber auch einen Studententarif sowie einen Familientarif) ! F\u00fcr diesen Betrag seit Ihr Mitglied im DKV (Deutscher Kanu Verband) und LSB (Landes Sport Bund). Somit habt Ihr die M\u00f6glichkeit g\u00fcnstiger an Kanu-Literatur und T-Shirts &hellip; <a href=\"https:\/\/fc2kw.de\/wp\/?page_id=124\" class=\"more-link\"><span class=\"screen-reader-text\">Mitglied werden?<\/span> weiterlesen <span class=\"meta-nav\">&rarr;<\/span><\/a><\/p>\n","protected":false},"author":1,"featured_media":0,"parent":85,"menu_order":5,"comment_status":"closed","ping_status":"open","template":"","meta":{"footnotes":""},"class_list":["post-124","page","type-page","status-publish","hentry"],"_links":{"self":[{"href":"https:\/\/fc2kw.de\/wp\/index.php?rest_route=\/wp\/v2\/pages\/124","targetHints":{"allow":["GET"]}}],"collection":[{"href":"https:\/\/fc2kw.de\/wp\/index.php?rest_route=\/wp\/v2\/pages"}],"about":[{"href":"https:\/\/fc2kw.de\/wp\/index.php?rest_route=\/wp\/v2\/types\/page"}],"author":[{"embeddable":true,"href":"https:\/\/fc2kw.de\/wp\/index.php?rest_route=\/wp\/v2\/users\/1"}],"replies":[{"embeddable":true,"href":"https:\/\/fc2kw.de\/wp\/index.php?rest_route=%2Fwp%2Fv2%2Fcomments&post=124"}],"version-history":[{"count":3,"href":"https:\/\/fc2kw.de\/wp\/index.php?rest_route=\/wp\/v2\/pages\/124\/revisions"}],"predecessor-version":[{"id":516,"href":"https:\/\/fc2kw.de\/wp\/index.php?rest_route=\/wp\/v2\/pages\/124\/revisions\/516"}],"up":[{"embeddable":true,"href":"https:\/\/fc2kw.de\/wp\/index.php?rest_route=\/wp\/v2\/pages\/85"}],"wp:attachment":[{"href":"https:\/\/fc2kw.de\/wp\/index.php?rest_route=%2Fwp%2Fv2%2Fmedia&parent=124"}],"curies":[{"name":"wp","href":"https:\/\/api.w.org\/{rel}","templated":true}]}}