{"id":85,"date":"2014-03-15T19:36:50","date_gmt":"2014-03-15T19:36:50","guid":{"rendered":"http:\/\/localhost\/fc2kw_wp\/?page_id=85"},"modified":"2014-03-17T07:49:23","modified_gmt":"2014-03-17T07:49:23","slug":"der-verein","status":"publish","type":"page","link":"https:\/\/fc2kw.de\/wp\/?page_id=85","title":{"rendered":"Der Verein"},"content":{"rendered":"<h1>Wer wir sind<\/h1>\n<p>Tja, wer sind wir eigentlich ? Mhm &#8211; mal \u00fcberlegen?<br \/>\nWir sind ein junger Verein von Canadierbegeisterten Wildwasserfahrern (ja, ja, ich wei\u00df wir haben auch Kajakfahrer im Verein).<\/p>\n<p>Wir befahren mit unseren privaten, vereinseigenen und ausgeliehenen Canadiern (ja, ja, auch mit Kajaks) meist WW I-III. Mal mehr und auch mal weniger, je nach Lust, Laune, Wetter und Mitpaddlern. In letzter Zeit haben einige Vereinsmitglieder Einerkurse im Canadier absolviert und sind auf den Geschmack gekommen! Macht einen Mordsspass &#8211; denn wie sagte schon unser alter Canadier-Lehrer Thorsten (der nun nach Canada ausgewandert ist): &#8222;the real thing!&#8220;<\/p>\n<p>Wir bieten den unge\u00fcbten Kanuten Hilfestellung, Beratung und diverse Fahrten an (f\u00fcr Familien- und Fortgeschrittene), feiern gesellige Feste und haben so richtig Spa\u00df am Paddeln und nat\u00fcrlich an dem ganzen &#8222;Drumherum&#8220;. Geselligkeit, Camping-Feeling und Paddeln -&gt; erst mit dem FC2KW e.V. kann man das so richtig erleben !!!<\/p>\n<p>Wenn Ihr Spa\u00df\/Interesse am Paddeln, Campen oder Feiern habt, meldet Euch doch einfach mal. Wir bei\u00dfen nicht.<\/p>\n<p><strong>Mail an:\u00a0\u00a0<a href=\"mailto:info@fc2kw.de\">FC2KW e.V.<\/a><\/strong><\/p>\n","protected":false},"excerpt":{"rendered":"<p>Wer wir sind Tja, wer sind wir eigentlich ? Mhm &#8211; mal \u00fcberlegen? Wir sind ein junger Verein von Canadierbegeisterten Wildwasserfahrern (ja, ja, ich wei\u00df wir haben auch Kajakfahrer im Verein). Wir befahren mit unseren privaten, vereinseigenen und ausgeliehenen Canadiern (ja, ja, auch mit Kajaks) meist WW I-III. Mal mehr und auch mal weniger, je &hellip; <a href=\"https:\/\/fc2kw.de\/wp\/?page_id=85\" class=\"more-link\"><span class=\"screen-reader-text\">Der Verein<\/span> weiterlesen <span class=\"meta-nav\">&rarr;<\/span><\/a><\/p>\n","protected":false},"author":1,"featured_media":0,"parent":0,"menu_order":3,"comment_status":"closed","ping_status":"closed","template":"","meta":{"footnotes":""},"class_list":["post-85","page","type-page","status-publish","hentry"],"_links":{"self":[{"href":"https:\/\/fc2kw.de\/wp\/index.php?rest_route=\/wp\/v2\/pages\/85","targetHints":{"allow":["GET"]}}],"collection":[{"href":"https:\/\/fc2kw.de\/wp\/index.php?rest_route=\/wp\/v2\/pages"}],"about":[{"href":"https:\/\/fc2kw.de\/wp\/index.php?rest_route=\/wp\/v2\/types\/page"}],"author":[{"embeddable":true,"href":"https:\/\/fc2kw.de\/wp\/index.php?rest_route=\/wp\/v2\/users\/1"}],"replies":[{"embeddable":true,"href":"https:\/\/fc2kw.de\/wp\/index.php?rest_route=%2Fwp%2Fv2%2Fcomments&post=85"}],"version-history":[{"count":3,"href":"https:\/\/fc2kw.de\/wp\/index.php?rest_route=\/wp\/v2\/pages\/85\/revisions"}],"predecessor-version":[{"id":197,"href":"https:\/\/fc2kw.de\/wp\/index.php?rest_route=\/wp\/v2\/pages\/85\/revisions\/197"}],"wp:attachment":[{"href":"https:\/\/fc2kw.de\/wp\/index.php?rest_route=%2Fwp%2Fv2%2Fmedia&parent=85"}],"curies":[{"name":"wp","href":"https:\/\/api.w.org\/{rel}","templated":true}]}}